{"id":19,"date":"2024-01-22T09:43:14","date_gmt":"2024-01-22T12:43:14","guid":{"rendered":"https:\/\/ionanwebsolutions.com\/?page_id=19"},"modified":"2025-01-11T10:02:45","modified_gmt":"2025-01-11T13:02:45","slug":"sobre-nos","status":"publish","type":"page","link":"https:\/\/ionanwebsolutions.com\/index.php\/sobre-nos\/","title":{"rendered":"Sobre N\u00f3s"},"content":{"rendered":"\t\t<div data-elementor-type=\"wp-page\" data-elementor-id=\"19\" class=\"elementor elementor-19\" data-elementor-post-type=\"page\">\n\t\t\t\t<div class=\"elementor-element elementor-element-36c7136 e-flex e-con-boxed e-con e-parent\" data-id=\"36c7136\" data-element_type=\"container\">\n\t\t\t\t\t<div class=\"e-con-inner\">\n\t\t<div class=\"elementor-element elementor-element-836dcbf e-con-full e-flex elementor-invisible e-con e-child\" data-id=\"836dcbf\" data-element_type=\"container\" data-settings=\"{&quot;animation&quot;:&quot;fadeInLeft&quot;}\">\n\t\t\t\t<div class=\"elementor-element elementor-element-64966ba elementor-widget elementor-widget-heading\" data-id=\"64966ba\" data-element_type=\"widget\" data-widget_type=\"heading.default\">\n\t\t\t\t<div class=\"elementor-widget-container\">\n\t\t\t\t\t<h6 class=\"elementor-heading-title elementor-size-default\">Sobre N\u00f3s<\/h6>\t\t\t\t<\/div>\n\t\t\t\t<\/div>\n\t\t\t\t<div class=\"elementor-element elementor-element-7aff493 elementor-widget elementor-widget-heading\" data-id=\"7aff493\" data-element_type=\"widget\" data-widget_type=\"heading.default\">\n\t\t\t\t<div class=\"elementor-widget-container\">\n\t\t\t\t\t<h2 class=\"elementor-heading-title elementor-size-default\">Criamos solu\u00e7\u00f5es que levam sua empresa ao sucesso<\/h2>\t\t\t\t<\/div>\n\t\t\t\t<\/div>\n\t\t\t\t<div class=\"elementor-element elementor-element-b941db4 elementor-widget elementor-widget-text-editor\" data-id=\"b941db4\" data-element_type=\"widget\" data-widget_type=\"text-editor.default\">\n\t\t\t\t<div class=\"elementor-widget-container\">\n\t\t\t\t\t\t\t\t\t<p>A IWS destaca-se como um projeto inovador e criativo, especializado em gerar resultados eficazes e solucionar desafios. Nosso foco principal abrange a cria\u00e7\u00e3o de sites, e-commerces, landing pages, otimiza\u00e7\u00e3o para motores de busca (SEO) e uma variedade de servi\u00e7os adicionais.<\/p><p>N\u00e3o nos limitamos a construir presen\u00e7as online. Buscamos entender profundamente as necessidades e metas de cada cliente, personalizando nossos servi\u00e7os para garantir resultados tang\u00edveis. Com a nossa abordagem proativa e especializada, estamos comprometidos em impulsionar o sucesso dos neg\u00f3cios por meio de estrat\u00e9gias digitais eficientes. Confiar na IWS \u00e9 investir n\u00e3o apenas em um servi\u00e7o, mas em uma parceria que visa a prosperidade e a visibilidade duradouras no cen\u00e1rio digital.<\/p>\t\t\t\t\t\t\t\t<\/div>\n\t\t\t\t<\/div>\n\t\t\t\t<\/div>\n\t\t<div class=\"elementor-element elementor-element-216045c e-con-full e-flex elementor-invisible e-con e-child\" data-id=\"216045c\" data-element_type=\"container\" data-settings=\"{&quot;animation&quot;:&quot;fadeInRight&quot;}\">\n\t\t\t\t<div class=\"elementor-element elementor-element-b80dfe4 elementor-widget elementor-widget-image\" data-id=\"b80dfe4\" data-element_type=\"widget\" data-widget_type=\"image.default\">\n\t\t\t\t<div class=\"elementor-widget-container\">\n\t\t\t\t\t\t\t\t\t\t\t\t\t\t\t<img fetchpriority=\"high\" decoding=\"async\" width=\"1200\" height=\"800\" src=\"https:\/\/ionanwebsolutions.com\/wp-content\/uploads\/2024\/01\/vista-traseira-do-programador-trabalhando-a-noite-toda.jpg\" class=\"attachment-full size-full wp-image-62\" alt=\"\" srcset=\"https:\/\/ionanwebsolutions.com\/wp-content\/uploads\/2024\/01\/vista-traseira-do-programador-trabalhando-a-noite-toda.jpg 1200w, https:\/\/ionanwebsolutions.com\/wp-content\/uploads\/2024\/01\/vista-traseira-do-programador-trabalhando-a-noite-toda-300x200.jpg 300w, https:\/\/ionanwebsolutions.com\/wp-content\/uploads\/2024\/01\/vista-traseira-do-programador-trabalhando-a-noite-toda-1024x683.jpg 1024w, https:\/\/ionanwebsolutions.com\/wp-content\/uploads\/2024\/01\/vista-traseira-do-programador-trabalhando-a-noite-toda-768x512.jpg 768w\" sizes=\"(max-width: 1200px) 100vw, 1200px\" \/>\t\t\t\t\t\t\t\t\t\t\t\t\t\t\t<\/div>\n\t\t\t\t<\/div>\n\t\t\t\t<\/div>\n\t\t\t\t\t<\/div>\n\t\t\t\t<\/div>\n\t\t<div class=\"elementor-element elementor-element-abdf4d4 e-flex e-con-boxed elementor-invisible e-con e-parent\" data-id=\"abdf4d4\" data-element_type=\"container\" data-settings=\"{&quot;animation&quot;:&quot;fadeInDown&quot;}\">\n\t\t\t\t\t<div class=\"e-con-inner\">\n\t\t<div class=\"elementor-element elementor-element-7d8bd0b e-con-full e-flex e-con e-child\" data-id=\"7d8bd0b\" data-element_type=\"container\">\n\t\t\t\t<div class=\"elementor-element elementor-element-7ebb7b5 elementor-widget elementor-widget-counter\" data-id=\"7ebb7b5\" data-element_type=\"widget\" data-widget_type=\"counter.default\">\n\t\t\t\t<div class=\"elementor-widget-container\">\n\t\t\t\t\t\t\t<div class=\"elementor-counter\">\n\t\t\t<div class=\"elementor-counter-title\">Projetos Concluidos<\/div>\t\t\t<div class=\"elementor-counter-number-wrapper\">\n\t\t\t\t<span class=\"elementor-counter-number-prefix\"><\/span>\n\t\t\t\t<span class=\"elementor-counter-number\" data-duration=\"2000\" data-to-value=\"251\" data-from-value=\"0\" data-delimiter=\",\">0<\/span>\n\t\t\t\t<span class=\"elementor-counter-number-suffix\"><\/span>\n\t\t\t<\/div>\n\t\t<\/div>\n\t\t\t\t\t\t<\/div>\n\t\t\t\t<\/div>\n\t\t\t\t<\/div>\n\t\t<div class=\"elementor-element elementor-element-8eec0f1 e-con-full e-flex e-con e-child\" data-id=\"8eec0f1\" data-element_type=\"container\">\n\t\t\t\t<div class=\"elementor-element elementor-element-1985f5d elementor-widget elementor-widget-counter\" data-id=\"1985f5d\" data-element_type=\"widget\" data-widget_type=\"counter.default\">\n\t\t\t\t<div class=\"elementor-widget-container\">\n\t\t\t\t\t\t\t<div class=\"elementor-counter\">\n\t\t\t<div class=\"elementor-counter-title\">Projetos em andamento<\/div>\t\t\t<div class=\"elementor-counter-number-wrapper\">\n\t\t\t\t<span class=\"elementor-counter-number-prefix\"><\/span>\n\t\t\t\t<span class=\"elementor-counter-number\" data-duration=\"2000\" data-to-value=\"31\" data-from-value=\"0\" data-delimiter=\",\">0<\/span>\n\t\t\t\t<span class=\"elementor-counter-number-suffix\"><\/span>\n\t\t\t<\/div>\n\t\t<\/div>\n\t\t\t\t\t\t<\/div>\n\t\t\t\t<\/div>\n\t\t\t\t<\/div>\n\t\t<div class=\"elementor-element elementor-element-50f28d8 e-con-full e-flex e-con e-child\" data-id=\"50f28d8\" data-element_type=\"container\">\n\t\t\t\t<div class=\"elementor-element elementor-element-3a1874e elementor-widget elementor-widget-counter\" data-id=\"3a1874e\" data-element_type=\"widget\" data-widget_type=\"counter.default\">\n\t\t\t\t<div class=\"elementor-widget-container\">\n\t\t\t\t\t\t\t<div class=\"elementor-counter\">\n\t\t\t<div class=\"elementor-counter-title\">Clientes satisfeitos<\/div>\t\t\t<div class=\"elementor-counter-number-wrapper\">\n\t\t\t\t<span class=\"elementor-counter-number-prefix\"><\/span>\n\t\t\t\t<span class=\"elementor-counter-number\" data-duration=\"2000\" data-to-value=\"100\" data-from-value=\"0\" data-delimiter=\",\">0<\/span>\n\t\t\t\t<span class=\"elementor-counter-number-suffix\">%<\/span>\n\t\t\t<\/div>\n\t\t<\/div>\n\t\t\t\t\t\t<\/div>\n\t\t\t\t<\/div>\n\t\t\t\t<\/div>\n\t\t\t\t\t<\/div>\n\t\t\t\t<\/div>\n\t\t<div class=\"elementor-element elementor-element-6abde6e e-flex e-con-boxed e-con e-parent\" data-id=\"6abde6e\" data-element_type=\"container\" data-settings=\"{&quot;background_background&quot;:&quot;classic&quot;}\">\n\t\t\t\t\t<div class=\"e-con-inner\">\n\t\t<div class=\"elementor-element elementor-element-4a7d804 e-flex e-con-boxed elementor-invisible e-con e-child\" data-id=\"4a7d804\" data-element_type=\"container\" data-settings=\"{&quot;animation&quot;:&quot;fadeInDown&quot;}\">\n\t\t\t\t\t<div class=\"e-con-inner\">\n\t\t\t\t<div class=\"elementor-element elementor-element-946fad6 elementor-widget elementor-widget-heading\" data-id=\"946fad6\" data-element_type=\"widget\" data-widget_type=\"heading.default\">\n\t\t\t\t<div class=\"elementor-widget-container\">\n\t\t\t\t\t<h6 class=\"elementor-heading-title elementor-size-default\">Depoimentos<\/h6>\t\t\t\t<\/div>\n\t\t\t\t<\/div>\n\t\t\t\t<div class=\"elementor-element elementor-element-7467855 elementor-widget elementor-widget-heading\" data-id=\"7467855\" data-element_type=\"widget\" data-widget_type=\"heading.default\">\n\t\t\t\t<div class=\"elementor-widget-container\">\n\t\t\t\t\t<h2 class=\"elementor-heading-title elementor-size-default\">Veja o que dizem nossos clientes<\/h2>\t\t\t\t<\/div>\n\t\t\t\t<\/div>\n\t\t\t\t<div class=\"elementor-element elementor-element-45f93d4 elementor--star-style-star_unicode elementor-star-rating--align-center elementor-widget elementor-widget-star-rating\" data-id=\"45f93d4\" data-element_type=\"widget\" data-widget_type=\"star-rating.default\">\n\t\t\t\t<div class=\"elementor-widget-container\">\n\t\t\t\t\t\t\t<div class=\"elementor-star-rating__wrapper\">\n\t\t\t\t\t\t<div class=\"elementor-star-rating\" itemtype=\"http:\/\/schema.org\/Rating\" itemscope=\"\" itemprop=\"reviewRating\">\n\t\t\t\t<i class=\"elementor-star-full\" aria-hidden=\"true\">&#9733;<\/i><i class=\"elementor-star-full\" aria-hidden=\"true\">&#9733;<\/i><i class=\"elementor-star-full\" aria-hidden=\"true\">&#9733;<\/i><i class=\"elementor-star-full\" aria-hidden=\"true\">&#9733;<\/i><i class=\"elementor-star-full\" aria-hidden=\"true\">&#9733;<\/i>\t\t\t\t<span itemprop=\"ratingValue\" class=\"elementor-screen-only\">Rated 5 out of 5<\/span>\n\t\t\t<\/div>\n\t\t<\/div>\n\t\t\t\t\t\t<\/div>\n\t\t\t\t<\/div>\n\t\t\t\t\t<\/div>\n\t\t\t\t<\/div>\n\t\t\t\t<div class=\"elementor-element elementor-element-b8ce151 elementor-testimonial--layout-image_above elementor-testimonial--skin-default elementor-testimonial--align-center elementor-pagination-type-bullets elementor-invisible elementor-widget elementor-widget-testimonial-carousel\" data-id=\"b8ce151\" data-element_type=\"widget\" data-settings=\"{&quot;slides_per_view&quot;:&quot;3&quot;,&quot;slides_per_view_tablet&quot;:&quot;2&quot;,&quot;slides_to_scroll&quot;:&quot;1&quot;,&quot;slides_to_scroll_tablet&quot;:&quot;1&quot;,&quot;lazyload&quot;:&quot;yes&quot;,&quot;space_between&quot;:{&quot;unit&quot;:&quot;px&quot;,&quot;size&quot;:21,&quot;sizes&quot;:[]},&quot;space_between_tablet&quot;:{&quot;unit&quot;:&quot;px&quot;,&quot;size&quot;:21,&quot;sizes&quot;:[]},&quot;_animation&quot;:&quot;fadeIn&quot;,&quot;_animation_delay&quot;:200,&quot;pagination&quot;:&quot;bullets&quot;,&quot;speed&quot;:500,&quot;autoplay&quot;:&quot;yes&quot;,&quot;autoplay_speed&quot;:5000,&quot;loop&quot;:&quot;yes&quot;,&quot;pause_on_hover&quot;:&quot;yes&quot;,&quot;pause_on_interaction&quot;:&quot;yes&quot;,&quot;space_between_mobile&quot;:{&quot;unit&quot;:&quot;px&quot;,&quot;size&quot;:10,&quot;sizes&quot;:[]}}\" data-widget_type=\"testimonial-carousel.default\">\n\t\t\t\t<div class=\"elementor-widget-container\">\n\t\t\t\t\t\t\t<div class=\"elementor-swiper\">\n\t\t\t<div class=\"elementor-main-swiper swiper-container\">\n\t\t\t\t<div class=\"swiper-wrapper\">\n\t\t\t\t\t\t\t\t\t\t\t<div class=\"swiper-slide\">\n\t\t\t\t\t\t\t\t\t<div class=\"elementor-testimonial\">\n\t\t\t\t\t\t\t<div class=\"elementor-testimonial__content\">\n\t\t\t\t\t<div class=\"elementor-testimonial__text\">\n\t\t\t\t\t\t\"Me ajudou muito com dicas para o desing da minha p\u00e1gina e foi super atencioso\"\t\t\t\t\t<\/div>\n\t\t\t\t\t<cite class=\"elementor-testimonial__cite\"><span class=\"elementor-testimonial__name\">Sara Maria<\/span><\/cite>\t\t\t\t<\/div>\n\t\t\t\t\t\t<div class=\"elementor-testimonial__footer\">\n\t\t\t\t\t\t\t\t\t<div class=\"elementor-testimonial__image\">\n\t\t\t\t\t\t<img class=\"swiper-lazy\" data-src=\"https:\/\/ionanwebsolutions.com\/wp-content\/uploads\/2024\/01\/02.jpg\" alt=\"Sara Maria\">\n\t\t\t\t\t\t\t\t\t\t\t\t\t<div class=\"swiper-lazy-preloader\"><\/div>\n\t\t\t\t\t\t\t\t\t\t\t<\/div>\n\t\t\t\t\t\t\t\t\t\t\t<\/div>\n\t\t<\/div>\n\t\t\t\t\t\t\t\t<\/div>\n\t\t\t\t\t\t\t\t\t\t\t<div class=\"swiper-slide\">\n\t\t\t\t\t\t\t\t\t<div class=\"elementor-testimonial\">\n\t\t\t\t\t\t\t<div class=\"elementor-testimonial__content\">\n\t\t\t\t\t<div class=\"elementor-testimonial__text\">\n\t\t\t\t\t\t\"Adorei meu site, foi tudo muito r\u00e1pido e fui muito bem atendida, super recomento\"\t\t\t\t\t<\/div>\n\t\t\t\t\t<cite class=\"elementor-testimonial__cite\"><span class=\"elementor-testimonial__name\">Ver\u00f4nica Dantas<\/span><\/cite>\t\t\t\t<\/div>\n\t\t\t\t\t\t<div class=\"elementor-testimonial__footer\">\n\t\t\t\t\t\t\t\t\t<div class=\"elementor-testimonial__image\">\n\t\t\t\t\t\t<img class=\"swiper-lazy\" data-src=\"https:\/\/ionanwebsolutions.com\/wp-content\/uploads\/2024\/02\/WhatsApp-Image-2024-02-09-at-10.36.44-2.jpg\" alt=\"Ver\u00f4nica Dantas\">\n\t\t\t\t\t\t\t\t\t\t\t\t\t<div class=\"swiper-lazy-preloader\"><\/div>\n\t\t\t\t\t\t\t\t\t\t\t<\/div>\n\t\t\t\t\t\t\t\t\t\t\t<\/div>\n\t\t<\/div>\n\t\t\t\t\t\t\t\t<\/div>\n\t\t\t\t\t\t\t\t\t\t\t<div class=\"swiper-slide\">\n\t\t\t\t\t\t\t\t\t<div class=\"elementor-testimonial\">\n\t\t\t\t\t\t\t<div class=\"elementor-testimonial__content\">\n\t\t\t\t\t<div class=\"elementor-testimonial__text\">\n\t\t\t\t\t\t\"Entregou tudo dentro do prazo e da forma que combinamos, adorei a responsividade da minha p\u00e1gina\"\t\t\t\t\t<\/div>\n\t\t\t\t\t<cite class=\"elementor-testimonial__cite\"><span class=\"elementor-testimonial__name\">Em\u00edlio Carlos<\/span><\/cite>\t\t\t\t<\/div>\n\t\t\t\t\t\t<div class=\"elementor-testimonial__footer\">\n\t\t\t\t\t\t\t\t\t<div class=\"elementor-testimonial__image\">\n\t\t\t\t\t\t<img class=\"swiper-lazy\" data-src=\"https:\/\/ionanwebsolutions.com\/wp-content\/uploads\/2024\/01\/21.jpg\" alt=\"Em\u00edlio Carlos\">\n\t\t\t\t\t\t\t\t\t\t\t\t\t<div class=\"swiper-lazy-preloader\"><\/div>\n\t\t\t\t\t\t\t\t\t\t\t<\/div>\n\t\t\t\t\t\t\t\t\t\t\t<\/div>\n\t\t<\/div>\n\t\t\t\t\t\t\t\t<\/div>\n\t\t\t\t\t\t\t\t\t<\/div>\n\t\t\t\t\t\t\t\t\t\t\t\t\t\t\t<div class=\"swiper-pagination\"><\/div>\n\t\t\t\t\t\t\t\t\t\t\t\t\t\t\t\t\t<\/div>\n\t\t<\/div>\n\t\t\t\t\t\t<\/div>\n\t\t\t\t<\/div>\n\t\t\t\t\t<\/div>\n\t\t\t\t<\/div>\n\t\t\t\t<\/div>\n\t\t","protected":false},"excerpt":{"rendered":"<p>Sobre N\u00f3s Criamos solu\u00e7\u00f5es que levam sua empresa ao sucesso A IWS destaca-se como um projeto inovador e criativo, especializado em gerar resultados eficazes e solucionar desafios. Nosso foco principal abrange a cria\u00e7\u00e3o de sites, e-commerces, landing pages, otimiza\u00e7\u00e3o para motores de busca (SEO) e uma variedade de servi\u00e7os adicionais. N\u00e3o nos limitamos a construir [&hellip;]<\/p>\n","protected":false},"author":1,"featured_media":0,"parent":0,"menu_order":0,"comment_status":"closed","ping_status":"closed","template":"elementor_header_footer","meta":{"_joinchat":[],"footnotes":""},"class_list":["post-19","page","type-page","status-publish","hentry"],"yoast_head":"<!-- This site is optimized with the Yoast SEO plugin v22.9 - https:\/\/yoast.com\/wordpress\/plugins\/seo\/ -->\n<title>Sobre N\u00f3s - IonanWeb Solutions - Cria\u00e7\u00e3o de Sites Profissionais para Transformar sua Presen\u00e7a Online<\/title>\n<meta name=\"robots\" content=\"index, follow, max-snippet:-1, max-image-preview:large, max-video-preview:-1\" \/>\n<link rel=\"canonical\" href=\"https:\/\/ionanwebsolutions.com\/index.php\/sobre-nos\/\" \/>\n<meta property=\"og:locale\" content=\"en_US\" \/>\n<meta property=\"og:type\" content=\"article\" \/>\n<meta property=\"og:title\" content=\"Sobre N\u00f3s - IonanWeb Solutions - Cria\u00e7\u00e3o de Sites Profissionais para Transformar sua Presen\u00e7a Online\" \/>\n<meta property=\"og:description\" content=\"Sobre N\u00f3s Criamos solu\u00e7\u00f5es que levam sua empresa ao sucesso A IWS destaca-se como um projeto inovador e criativo, especializado em gerar resultados eficazes e solucionar desafios. Nosso foco principal abrange a cria\u00e7\u00e3o de sites, e-commerces, landing pages, otimiza\u00e7\u00e3o para motores de busca (SEO) e uma variedade de servi\u00e7os adicionais. N\u00e3o nos limitamos a construir [&hellip;]\" \/>\n<meta property=\"og:url\" content=\"https:\/\/ionanwebsolutions.com\/index.php\/sobre-nos\/\" \/>\n<meta property=\"og:site_name\" content=\"IonanWeb Solutions - Cria\u00e7\u00e3o de Sites Profissionais para Transformar sua Presen\u00e7a Online\" \/>\n<meta property=\"article:publisher\" content=\"https:\/\/www.facebook.com\/profile.php?id=61556526602794&amp;locale=pt_BR\" \/>\n<meta property=\"article:modified_time\" content=\"2025-01-11T13:02:45+00:00\" \/>\n<meta property=\"og:image\" content=\"https:\/\/ionanwebsolutions.com\/wp-content\/uploads\/2024\/01\/vista-traseira-do-programador-trabalhando-a-noite-toda.jpg\" \/>\n<meta name=\"twitter:card\" content=\"summary_large_image\" \/>\n<meta name=\"twitter:site\" content=\"@agenciaiws\" \/>\n<meta name=\"twitter:label1\" content=\"Est. reading time\" \/>\n\t<meta name=\"twitter:data1\" content=\"1 minute\" \/>\n<script type=\"application\/ld+json\" class=\"yoast-schema-graph\">{\"@context\":\"https:\/\/schema.org\",\"@graph\":[{\"@type\":\"WebPage\",\"@id\":\"https:\/\/ionanwebsolutions.com\/index.php\/sobre-nos\/\",\"url\":\"https:\/\/ionanwebsolutions.com\/index.php\/sobre-nos\/\",\"name\":\"Sobre N\u00f3s - IonanWeb Solutions - Cria\u00e7\u00e3o de Sites Profissionais para Transformar sua Presen\u00e7a Online\",\"isPartOf\":{\"@id\":\"https:\/\/ionanwebsolutions.com\/#website\"},\"primaryImageOfPage\":{\"@id\":\"https:\/\/ionanwebsolutions.com\/index.php\/sobre-nos\/#primaryimage\"},\"image\":{\"@id\":\"https:\/\/ionanwebsolutions.com\/index.php\/sobre-nos\/#primaryimage\"},\"thumbnailUrl\":\"https:\/\/ionanwebsolutions.com\/wp-content\/uploads\/2024\/01\/vista-traseira-do-programador-trabalhando-a-noite-toda.jpg\",\"datePublished\":\"2024-01-22T12:43:14+00:00\",\"dateModified\":\"2025-01-11T13:02:45+00:00\",\"breadcrumb\":{\"@id\":\"https:\/\/ionanwebsolutions.com\/index.php\/sobre-nos\/#breadcrumb\"},\"inLanguage\":\"en-US\",\"potentialAction\":[{\"@type\":\"ReadAction\",\"target\":[\"https:\/\/ionanwebsolutions.com\/index.php\/sobre-nos\/\"]}]},{\"@type\":\"ImageObject\",\"inLanguage\":\"en-US\",\"@id\":\"https:\/\/ionanwebsolutions.com\/index.php\/sobre-nos\/#primaryimage\",\"url\":\"https:\/\/ionanwebsolutions.com\/wp-content\/uploads\/2024\/01\/vista-traseira-do-programador-trabalhando-a-noite-toda.jpg\",\"contentUrl\":\"https:\/\/ionanwebsolutions.com\/wp-content\/uploads\/2024\/01\/vista-traseira-do-programador-trabalhando-a-noite-toda.jpg\",\"width\":1200,\"height\":800},{\"@type\":\"BreadcrumbList\",\"@id\":\"https:\/\/ionanwebsolutions.com\/index.php\/sobre-nos\/#breadcrumb\",\"itemListElement\":[{\"@type\":\"ListItem\",\"position\":1,\"name\":\"Home\",\"item\":\"https:\/\/ionanwebsolutions.com\/\"},{\"@type\":\"ListItem\",\"position\":2,\"name\":\"Sobre N\u00f3s\"}]},{\"@type\":\"WebSite\",\"@id\":\"https:\/\/ionanwebsolutions.com\/#website\",\"url\":\"https:\/\/ionanwebsolutions.com\/\",\"name\":\"IonanWeb Solutions - Cria\u00e7\u00e3o de Sites Profissionais para Transformar sua Presen\u00e7a Online\",\"description\":\"Descubra a excel\u00eancia em cria\u00e7\u00e3o de sites com a IonanWeb Solutions. Transformamos sua vis\u00e3o em presen\u00e7a online \u00fanica e impactante. Servi\u00e7os personalizados para atender \u00e0s necessidades de cada cliente.\",\"publisher\":{\"@id\":\"https:\/\/ionanwebsolutions.com\/#organization\"},\"potentialAction\":[{\"@type\":\"SearchAction\",\"target\":{\"@type\":\"EntryPoint\",\"urlTemplate\":\"https:\/\/ionanwebsolutions.com\/?s={search_term_string}\"},\"query-input\":\"required name=search_term_string\"}],\"inLanguage\":\"en-US\"},{\"@type\":\"Organization\",\"@id\":\"https:\/\/ionanwebsolutions.com\/#organization\",\"name\":\"IonanWeb Solutions - Cria\u00e7\u00e3o de Sites Profissionais para Transformar sua Presen\u00e7a Online\",\"url\":\"https:\/\/ionanwebsolutions.com\/\",\"logo\":{\"@type\":\"ImageObject\",\"inLanguage\":\"en-US\",\"@id\":\"https:\/\/ionanwebsolutions.com\/#\/schema\/logo\/image\/\",\"url\":\"https:\/\/ionanwebsolutions.com\/wp-content\/uploads\/2024\/01\/cropped-Blue-Modern-Electricity-Technology-Initial-Logo-2.png\",\"contentUrl\":\"https:\/\/ionanwebsolutions.com\/wp-content\/uploads\/2024\/01\/cropped-Blue-Modern-Electricity-Technology-Initial-Logo-2.png\",\"width\":448,\"height\":143,\"caption\":\"IonanWeb Solutions - Cria\u00e7\u00e3o de Sites Profissionais para Transformar sua Presen\u00e7a Online\"},\"image\":{\"@id\":\"https:\/\/ionanwebsolutions.com\/#\/schema\/logo\/image\/\"},\"sameAs\":[\"https:\/\/www.facebook.com\/profile.php?id=61556526602794&locale=pt_BR\",\"https:\/\/x.com\/agenciaiws\",\"https:\/\/www.instagram.com\/agenciaiws\/\"]}]}<\/script>\n<!-- \/ Yoast SEO plugin. -->","yoast_head_json":{"title":"Sobre N\u00f3s - IonanWeb Solutions - Cria\u00e7\u00e3o de Sites Profissionais para Transformar sua Presen\u00e7a Online","robots":{"index":"index","follow":"follow","max-snippet":"max-snippet:-1","max-image-preview":"max-image-preview:large","max-video-preview":"max-video-preview:-1"},"canonical":"https:\/\/ionanwebsolutions.com\/index.php\/sobre-nos\/","og_locale":"en_US","og_type":"article","og_title":"Sobre N\u00f3s - IonanWeb Solutions - Cria\u00e7\u00e3o de Sites Profissionais para Transformar sua Presen\u00e7a Online","og_description":"Sobre N\u00f3s Criamos solu\u00e7\u00f5es que levam sua empresa ao sucesso A IWS destaca-se como um projeto inovador e criativo, especializado em gerar resultados eficazes e solucionar desafios. Nosso foco principal abrange a cria\u00e7\u00e3o de sites, e-commerces, landing pages, otimiza\u00e7\u00e3o para motores de busca (SEO) e uma variedade de servi\u00e7os adicionais. N\u00e3o nos limitamos a construir [&hellip;]","og_url":"https:\/\/ionanwebsolutions.com\/index.php\/sobre-nos\/","og_site_name":"IonanWeb Solutions - Cria\u00e7\u00e3o de Sites Profissionais para Transformar sua Presen\u00e7a Online","article_publisher":"https:\/\/www.facebook.com\/profile.php?id=61556526602794&locale=pt_BR","article_modified_time":"2025-01-11T13:02:45+00:00","og_image":[{"url":"https:\/\/ionanwebsolutions.com\/wp-content\/uploads\/2024\/01\/vista-traseira-do-programador-trabalhando-a-noite-toda.jpg"}],"twitter_card":"summary_large_image","twitter_site":"@agenciaiws","twitter_misc":{"Est. reading time":"1 minute"},"schema":{"@context":"https:\/\/schema.org","@graph":[{"@type":"WebPage","@id":"https:\/\/ionanwebsolutions.com\/index.php\/sobre-nos\/","url":"https:\/\/ionanwebsolutions.com\/index.php\/sobre-nos\/","name":"Sobre N\u00f3s - IonanWeb Solutions - Cria\u00e7\u00e3o de Sites Profissionais para Transformar sua Presen\u00e7a Online","isPartOf":{"@id":"https:\/\/ionanwebsolutions.com\/#website"},"primaryImageOfPage":{"@id":"https:\/\/ionanwebsolutions.com\/index.php\/sobre-nos\/#primaryimage"},"image":{"@id":"https:\/\/ionanwebsolutions.com\/index.php\/sobre-nos\/#primaryimage"},"thumbnailUrl":"https:\/\/ionanwebsolutions.com\/wp-content\/uploads\/2024\/01\/vista-traseira-do-programador-trabalhando-a-noite-toda.jpg","datePublished":"2024-01-22T12:43:14+00:00","dateModified":"2025-01-11T13:02:45+00:00","breadcrumb":{"@id":"https:\/\/ionanwebsolutions.com\/index.php\/sobre-nos\/#breadcrumb"},"inLanguage":"en-US","potentialAction":[{"@type":"ReadAction","target":["https:\/\/ionanwebsolutions.com\/index.php\/sobre-nos\/"]}]},{"@type":"ImageObject","inLanguage":"en-US","@id":"https:\/\/ionanwebsolutions.com\/index.php\/sobre-nos\/#primaryimage","url":"https:\/\/ionanwebsolutions.com\/wp-content\/uploads\/2024\/01\/vista-traseira-do-programador-trabalhando-a-noite-toda.jpg","contentUrl":"https:\/\/ionanwebsolutions.com\/wp-content\/uploads\/2024\/01\/vista-traseira-do-programador-trabalhando-a-noite-toda.jpg","width":1200,"height":800},{"@type":"BreadcrumbList","@id":"https:\/\/ionanwebsolutions.com\/index.php\/sobre-nos\/#breadcrumb","itemListElement":[{"@type":"ListItem","position":1,"name":"Home","item":"https:\/\/ionanwebsolutions.com\/"},{"@type":"ListItem","position":2,"name":"Sobre N\u00f3s"}]},{"@type":"WebSite","@id":"https:\/\/ionanwebsolutions.com\/#website","url":"https:\/\/ionanwebsolutions.com\/","name":"IonanWeb Solutions - Cria\u00e7\u00e3o de Sites Profissionais para Transformar sua Presen\u00e7a Online","description":"Descubra a excel\u00eancia em cria\u00e7\u00e3o de sites com a IonanWeb Solutions. Transformamos sua vis\u00e3o em presen\u00e7a online \u00fanica e impactante. Servi\u00e7os personalizados para atender \u00e0s necessidades de cada cliente.","publisher":{"@id":"https:\/\/ionanwebsolutions.com\/#organization"},"potentialAction":[{"@type":"SearchAction","target":{"@type":"EntryPoint","urlTemplate":"https:\/\/ionanwebsolutions.com\/?s={search_term_string}"},"query-input":"required name=search_term_string"}],"inLanguage":"en-US"},{"@type":"Organization","@id":"https:\/\/ionanwebsolutions.com\/#organization","name":"IonanWeb Solutions - Cria\u00e7\u00e3o de Sites Profissionais para Transformar sua Presen\u00e7a Online","url":"https:\/\/ionanwebsolutions.com\/","logo":{"@type":"ImageObject","inLanguage":"en-US","@id":"https:\/\/ionanwebsolutions.com\/#\/schema\/logo\/image\/","url":"https:\/\/ionanwebsolutions.com\/wp-content\/uploads\/2024\/01\/cropped-Blue-Modern-Electricity-Technology-Initial-Logo-2.png","contentUrl":"https:\/\/ionanwebsolutions.com\/wp-content\/uploads\/2024\/01\/cropped-Blue-Modern-Electricity-Technology-Initial-Logo-2.png","width":448,"height":143,"caption":"IonanWeb Solutions - Cria\u00e7\u00e3o de Sites Profissionais para Transformar sua Presen\u00e7a Online"},"image":{"@id":"https:\/\/ionanwebsolutions.com\/#\/schema\/logo\/image\/"},"sameAs":["https:\/\/www.facebook.com\/profile.php?id=61556526602794&locale=pt_BR","https:\/\/x.com\/agenciaiws","https:\/\/www.instagram.com\/agenciaiws\/"]}]}},"_links":{"self":[{"href":"https:\/\/ionanwebsolutions.com\/index.php\/wp-json\/wp\/v2\/pages\/19","targetHints":{"allow":["GET"]}}],"collection":[{"href":"https:\/\/ionanwebsolutions.com\/index.php\/wp-json\/wp\/v2\/pages"}],"about":[{"href":"https:\/\/ionanwebsolutions.com\/index.php\/wp-json\/wp\/v2\/types\/page"}],"author":[{"embeddable":true,"href":"https:\/\/ionanwebsolutions.com\/index.php\/wp-json\/wp\/v2\/users\/1"}],"replies":[{"embeddable":true,"href":"https:\/\/ionanwebsolutions.com\/index.php\/wp-json\/wp\/v2\/comments?post=19"}],"version-history":[{"count":28,"href":"https:\/\/ionanwebsolutions.com\/index.php\/wp-json\/wp\/v2\/pages\/19\/revisions"}],"predecessor-version":[{"id":617,"href":"https:\/\/ionanwebsolutions.com\/index.php\/wp-json\/wp\/v2\/pages\/19\/revisions\/617"}],"wp:attachment":[{"href":"https:\/\/ionanwebsolutions.com\/index.php\/wp-json\/wp\/v2\/media?parent=19"}],"curies":[{"name":"wp","href":"https:\/\/api.w.org\/{rel}","templated":true}]}}