{"id":21,"date":"2024-01-22T09:43:46","date_gmt":"2024-01-22T12:43:46","guid":{"rendered":"https:\/\/ionanwebsolutions.com\/?page_id=21"},"modified":"2024-06-19T17:19:22","modified_gmt":"2024-06-19T20:19:22","slug":"contato","status":"publish","type":"page","link":"https:\/\/ionanwebsolutions.com\/index.php\/contato\/","title":{"rendered":"Contato"},"content":{"rendered":"\t\t<div data-elementor-type=\"wp-page\" data-elementor-id=\"21\" class=\"elementor elementor-21\" data-elementor-post-type=\"page\">\n\t\t\t\t<div class=\"elementor-element elementor-element-c347d1d e-flex e-con-boxed e-con e-parent\" data-id=\"c347d1d\" data-element_type=\"container\">\n\t\t\t\t\t<div class=\"e-con-inner\">\n\t\t\t\t<div class=\"elementor-element elementor-element-efc086f elementor-widget elementor-widget-spacer\" data-id=\"efc086f\" data-element_type=\"widget\" data-widget_type=\"spacer.default\">\n\t\t\t\t<div class=\"elementor-widget-container\">\n\t\t\t\t\t\t\t<div class=\"elementor-spacer\">\n\t\t\t<div class=\"elementor-spacer-inner\"><\/div>\n\t\t<\/div>\n\t\t\t\t\t\t<\/div>\n\t\t\t\t<\/div>\n\t\t\t\t\t<\/div>\n\t\t\t\t<\/div>\n\t\t<div class=\"elementor-element elementor-element-bb84ddf e-flex e-con-boxed e-con e-parent\" data-id=\"bb84ddf\" data-element_type=\"container\" data-settings=\"{&quot;background_background&quot;:&quot;classic&quot;}\">\n\t\t\t\t\t<div class=\"e-con-inner\">\n\t\t<div class=\"elementor-element elementor-element-f21162d e-con-full e-flex elementor-invisible e-con e-child\" data-id=\"f21162d\" data-element_type=\"container\" data-settings=\"{&quot;animation&quot;:&quot;fadeInLeft&quot;}\">\n\t\t\t\t<div class=\"elementor-element elementor-element-5dbd7e2 elementor-widget elementor-widget-heading\" data-id=\"5dbd7e2\" data-element_type=\"widget\" data-widget_type=\"heading.default\">\n\t\t\t\t<div class=\"elementor-widget-container\">\n\t\t\t\t\t<h6 class=\"elementor-heading-title elementor-size-default\">Entrar em contato<\/h6>\t\t\t\t<\/div>\n\t\t\t\t<\/div>\n\t\t\t\t<div class=\"elementor-element elementor-element-15f4037 elementor-widget elementor-widget-heading\" data-id=\"15f4037\" data-element_type=\"widget\" data-widget_type=\"heading.default\">\n\t\t\t\t<div class=\"elementor-widget-container\">\n\t\t\t\t\t<h2 class=\"elementor-heading-title elementor-size-default\">Comunica\u00e7\u00e3o perfeita, impacto global<\/h2>\t\t\t\t<\/div>\n\t\t\t\t<\/div>\n\t\t\t\t<div class=\"elementor-element elementor-element-bf0cabe elementor-widget elementor-widget-text-editor\" data-id=\"bf0cabe\" data-element_type=\"widget\" data-widget_type=\"text-editor.default\">\n\t\t\t\t<div class=\"elementor-widget-container\">\n\t\t\t\t\t\t\t\t\t<p>\u00a0&#8220;Se sua empresa n\u00e3o est\u00e1 na internet, ent\u00e3o ela estar\u00e1 fora dos neg\u00f3cios.&#8221; &#8211; Bill Gates<\/p>\t\t\t\t\t\t\t\t<\/div>\n\t\t\t\t<\/div>\n\t\t\t\t<div class=\"elementor-element elementor-element-a918600 elementor-widget elementor-widget-button\" data-id=\"a918600\" data-element_type=\"widget\" data-widget_type=\"button.default\">\n\t\t\t\t<div class=\"elementor-widget-container\">\n\t\t\t\t\t\t\t\t\t<div class=\"elementor-button-wrapper\">\n\t\t\t\t\t<a class=\"elementor-button elementor-button-link elementor-size-sm\" href=\"https:\/\/wa.me\/5534991071754\">\n\t\t\t\t\t\t<span class=\"elementor-button-content-wrapper\">\n\t\t\t\t\t\t\t\t\t<span class=\"elementor-button-text\">Contato<\/span>\n\t\t\t\t\t<\/span>\n\t\t\t\t\t<\/a>\n\t\t\t\t<\/div>\n\t\t\t\t\t\t\t\t<\/div>\n\t\t\t\t<\/div>\n\t\t\t\t<div class=\"elementor-element elementor-element-f1b491c elementor-widget-divider--view-line elementor-widget elementor-widget-divider\" data-id=\"f1b491c\" data-element_type=\"widget\" data-widget_type=\"divider.default\">\n\t\t\t\t<div class=\"elementor-widget-container\">\n\t\t\t\t\t\t\t<div class=\"elementor-divider\">\n\t\t\t<span class=\"elementor-divider-separator\">\n\t\t\t\t\t\t<\/span>\n\t\t<\/div>\n\t\t\t\t\t\t<\/div>\n\t\t\t\t<\/div>\n\t\t\t\t<div class=\"elementor-element elementor-element-a161abf elementor-widget elementor-widget-heading\" data-id=\"a161abf\" data-element_type=\"widget\" data-widget_type=\"heading.default\">\n\t\t\t\t<div class=\"elementor-widget-container\">\n\t\t\t\t\t<h4 class=\"elementor-heading-title elementor-size-default\">Nos siga nas redes sociais<\/h4>\t\t\t\t<\/div>\n\t\t\t\t<\/div>\n\t\t\t\t<div class=\"elementor-element elementor-element-ba101fd elementor-shape-circle elementor-grid-0 elementor-widget elementor-widget-social-icons\" data-id=\"ba101fd\" data-element_type=\"widget\" data-widget_type=\"social-icons.default\">\n\t\t\t\t<div class=\"elementor-widget-container\">\n\t\t\t\t\t\t\t<div class=\"elementor-social-icons-wrapper elementor-grid\" role=\"list\">\n\t\t\t\t\t\t\t<span class=\"elementor-grid-item\" role=\"listitem\">\n\t\t\t\t\t<a class=\"elementor-icon elementor-social-icon elementor-social-icon-facebook-f elementor-animation-pop elementor-repeater-item-7195a8a\" target=\"_blank\">\n\t\t\t\t\t\t<span class=\"elementor-screen-only\">Facebook-f<\/span>\n\t\t\t\t\t\t<svg aria-hidden=\"true\" class=\"e-font-icon-svg e-fab-facebook-f\" viewBox=\"0 0 320 512\" xmlns=\"http:\/\/www.w3.org\/2000\/svg\"><path d=\"M279.14 288l14.22-92.66h-88.91v-60.13c0-25.35 12.42-50.06 52.24-50.06h40.42V6.26S260.43 0 225.36 0c-73.22 0-121.08 44.38-121.08 124.72v70.62H22.89V288h81.39v224h100.17V288z\"><\/path><\/svg>\t\t\t\t\t<\/a>\n\t\t\t\t<\/span>\n\t\t\t\t\t\t\t<span class=\"elementor-grid-item\" role=\"listitem\">\n\t\t\t\t\t<a class=\"elementor-icon elementor-social-icon elementor-social-icon-instagram elementor-animation-pop elementor-repeater-item-c51e5bf\" href=\"https:\/\/www.instagram.com\/agenciaiws?igsh=ZTBvNzFxbnEydTdz\" target=\"_blank\">\n\t\t\t\t\t\t<span class=\"elementor-screen-only\">Instagram<\/span>\n\t\t\t\t\t\t<svg aria-hidden=\"true\" class=\"e-font-icon-svg e-fab-instagram\" viewBox=\"0 0 448 512\" xmlns=\"http:\/\/www.w3.org\/2000\/svg\"><path d=\"M224.1 141c-63.6 0-114.9 51.3-114.9 114.9s51.3 114.9 114.9 114.9S339 319.5 339 255.9 287.7 141 224.1 141zm0 189.6c-41.1 0-74.7-33.5-74.7-74.7s33.5-74.7 74.7-74.7 74.7 33.5 74.7 74.7-33.6 74.7-74.7 74.7zm146.4-194.3c0 14.9-12 26.8-26.8 26.8-14.9 0-26.8-12-26.8-26.8s12-26.8 26.8-26.8 26.8 12 26.8 26.8zm76.1 27.2c-1.7-35.9-9.9-67.7-36.2-93.9-26.2-26.2-58-34.4-93.9-36.2-37-2.1-147.9-2.1-184.9 0-35.8 1.7-67.6 9.9-93.9 36.1s-34.4 58-36.2 93.9c-2.1 37-2.1 147.9 0 184.9 1.7 35.9 9.9 67.7 36.2 93.9s58 34.4 93.9 36.2c37 2.1 147.9 2.1 184.9 0 35.9-1.7 67.7-9.9 93.9-36.2 26.2-26.2 34.4-58 36.2-93.9 2.1-37 2.1-147.8 0-184.8zM398.8 388c-7.8 19.6-22.9 34.7-42.6 42.6-29.5 11.7-99.5 9-132.1 9s-102.7 2.6-132.1-9c-19.6-7.8-34.7-22.9-42.6-42.6-11.7-29.5-9-99.5-9-132.1s-2.6-102.7 9-132.1c7.8-19.6 22.9-34.7 42.6-42.6 29.5-11.7 99.5-9 132.1-9s102.7-2.6 132.1 9c19.6 7.8 34.7 22.9 42.6 42.6 11.7 29.5 9 99.5 9 132.1s2.7 102.7-9 132.1z\"><\/path><\/svg>\t\t\t\t\t<\/a>\n\t\t\t\t<\/span>\n\t\t\t\t\t\t\t<span class=\"elementor-grid-item\" role=\"listitem\">\n\t\t\t\t\t<a class=\"elementor-icon elementor-social-icon elementor-social-icon-telegram elementor-animation-pop elementor-repeater-item-44c1db0\" target=\"_blank\">\n\t\t\t\t\t\t<span class=\"elementor-screen-only\">Telegram<\/span>\n\t\t\t\t\t\t<svg aria-hidden=\"true\" class=\"e-font-icon-svg e-fab-telegram\" viewBox=\"0 0 496 512\" xmlns=\"http:\/\/www.w3.org\/2000\/svg\"><path d=\"M248 8C111 8 0 119 0 256s111 248 248 248 248-111 248-248S385 8 248 8zm121.8 169.9l-40.7 191.8c-3 13.6-11.1 16.9-22.4 10.5l-62-45.7-29.9 28.8c-3.3 3.3-6.1 6.1-12.5 6.1l4.4-63.1 114.9-103.8c5-4.4-1.1-6.9-7.7-2.5l-142 89.4-61.2-19.1c-13.3-4.2-13.6-13.3 2.8-19.7l239.1-92.2c11.1-4 20.8 2.7 17.2 19.5z\"><\/path><\/svg>\t\t\t\t\t<\/a>\n\t\t\t\t<\/span>\n\t\t\t\t\t\t\t<span class=\"elementor-grid-item\" role=\"listitem\">\n\t\t\t\t\t<a class=\"elementor-icon elementor-social-icon elementor-social-icon-twitter elementor-animation-pop elementor-repeater-item-d58829f\" href=\"https:\/\/twitter.com\/agenciaiws\" target=\"_blank\">\n\t\t\t\t\t\t<span class=\"elementor-screen-only\">Twitter<\/span>\n\t\t\t\t\t\t<svg aria-hidden=\"true\" class=\"e-font-icon-svg e-fab-twitter\" viewBox=\"0 0 512 512\" xmlns=\"http:\/\/www.w3.org\/2000\/svg\"><path d=\"M459.37 151.716c.325 4.548.325 9.097.325 13.645 0 138.72-105.583 298.558-298.558 298.558-59.452 0-114.68-17.219-161.137-47.106 8.447.974 16.568 1.299 25.34 1.299 49.055 0 94.213-16.568 130.274-44.832-46.132-.975-84.792-31.188-98.112-72.772 6.498.974 12.995 1.624 19.818 1.624 9.421 0 18.843-1.3 27.614-3.573-48.081-9.747-84.143-51.98-84.143-102.985v-1.299c13.969 7.797 30.214 12.67 47.431 13.319-28.264-18.843-46.781-51.005-46.781-87.391 0-19.492 5.197-37.36 14.294-52.954 51.655 63.675 129.3 105.258 216.365 109.807-1.624-7.797-2.599-15.918-2.599-24.04 0-57.828 46.782-104.934 104.934-104.934 30.213 0 57.502 12.67 76.67 33.137 23.715-4.548 46.456-13.32 66.599-25.34-7.798 24.366-24.366 44.833-46.132 57.827 21.117-2.273 41.584-8.122 60.426-16.243-14.292 20.791-32.161 39.308-52.628 54.253z\"><\/path><\/svg>\t\t\t\t\t<\/a>\n\t\t\t\t<\/span>\n\t\t\t\t\t<\/div>\n\t\t\t\t\t\t<\/div>\n\t\t\t\t<\/div>\n\t\t\t\t<\/div>\n\t\t<div class=\"elementor-element elementor-element-ca44eda e-con-full e-flex elementor-invisible e-con e-child\" data-id=\"ca44eda\" data-element_type=\"container\" data-settings=\"{&quot;background_background&quot;:&quot;classic&quot;,&quot;animation&quot;:&quot;fadeInRight&quot;}\">\n\t\t\t\t<div class=\"elementor-element elementor-element-a3be15a elementor-widget elementor-widget-heading\" data-id=\"a3be15a\" data-element_type=\"widget\" data-widget_type=\"heading.default\">\n\t\t\t\t<div class=\"elementor-widget-container\">\n\t\t\t\t\t<h3 class=\"elementor-heading-title elementor-size-default\">Nos envie uma mensagem<\/h3>\t\t\t\t<\/div>\n\t\t\t\t<\/div>\n\t\t\t\t<div class=\"elementor-element elementor-element-b03271b elementor-widget elementor-widget-text-editor\" data-id=\"b03271b\" data-element_type=\"widget\" data-widget_type=\"text-editor.default\">\n\t\t\t\t<div class=\"elementor-widget-container\">\n\t\t\t\t\t\t\t\t\t<p>Utilize nosso formul\u00e1rio de contato abaixo para iniciar a conversa. Estamos ansiosos para entender suas necessidades e trabalhar juntos na constru\u00e7\u00e3o de uma solu\u00e7\u00e3o personalizada que impulsione sua presen\u00e7a digital para novos patamares.<\/p>\t\t\t\t\t\t\t\t<\/div>\n\t\t\t\t<\/div>\n\t\t\t\t<div class=\"elementor-element elementor-element-6dedbef elementor-button-align-stretch elementor-widget elementor-widget-form\" data-id=\"6dedbef\" data-element_type=\"widget\" data-settings=\"{&quot;step_next_label&quot;:&quot;Next&quot;,&quot;step_previous_label&quot;:&quot;Previous&quot;,&quot;button_width&quot;:&quot;100&quot;,&quot;step_type&quot;:&quot;number_text&quot;,&quot;step_icon_shape&quot;:&quot;circle&quot;}\" data-widget_type=\"form.default\">\n\t\t\t\t<div class=\"elementor-widget-container\">\n\t\t\t\t\t\t\t<form class=\"elementor-form\" method=\"post\" name=\"New Form\">\n\t\t\t<input type=\"hidden\" name=\"post_id\" value=\"21\"\/>\n\t\t\t<input type=\"hidden\" name=\"form_id\" value=\"6dedbef\"\/>\n\t\t\t<input type=\"hidden\" name=\"referer_title\" value=\"IonanWeb Solutions &#8211; Cria\u00e7\u00e3o de Sites Profissionais para Transformar sua Presen\u00e7a Online\" \/>\n\n\t\t\t\n\t\t\t<div class=\"elementor-form-fields-wrapper elementor-labels-above\">\n\t\t\t\t\t\t\t\t<div class=\"elementor-field-type-text elementor-field-group elementor-column elementor-field-group-name elementor-col-50\">\n\t\t\t\t\t\t\t\t\t\t\t\t<label for=\"form-field-name\" class=\"elementor-field-label\">\n\t\t\t\t\t\t\t\tNome\t\t\t\t\t\t\t<\/label>\n\t\t\t\t\t\t\t\t\t\t\t\t\t\t<input size=\"1\" type=\"text\" name=\"form_fields[name]\" id=\"form-field-name\" class=\"elementor-field elementor-size-sm  elementor-field-textual\" placeholder=\"Name\">\n\t\t\t\t\t\t\t\t\t\t\t<\/div>\n\t\t\t\t\t\t\t\t<div class=\"elementor-field-type-text elementor-field-group elementor-column elementor-field-group-field_0efcc6a elementor-col-50\">\n\t\t\t\t\t\t\t\t\t\t\t\t<label for=\"form-field-field_0efcc6a\" class=\"elementor-field-label\">\n\t\t\t\t\t\t\t\tEmpresa\t\t\t\t\t\t\t<\/label>\n\t\t\t\t\t\t\t\t\t\t\t\t\t\t<input size=\"1\" type=\"text\" name=\"form_fields[field_0efcc6a]\" id=\"form-field-field_0efcc6a\" class=\"elementor-field elementor-size-sm  elementor-field-textual\" placeholder=\"Company\">\n\t\t\t\t\t\t\t\t\t\t\t<\/div>\n\t\t\t\t\t\t\t\t<div class=\"elementor-field-type-tel elementor-field-group elementor-column elementor-field-group-email elementor-col-50 elementor-field-required\">\n\t\t\t\t\t\t\t\t\t\t\t\t<label for=\"form-field-email\" class=\"elementor-field-label\">\n\t\t\t\t\t\t\t\tTelefone\t\t\t\t\t\t\t<\/label>\n\t\t\t\t\t\t\t\t<input size=\"1\" type=\"tel\" name=\"form_fields[email]\" id=\"form-field-email\" class=\"elementor-field elementor-size-sm  elementor-field-textual\" placeholder=\"Phone\" required=\"required\" aria-required=\"true\" pattern=\"[0-9()#&amp;+*-=.]+\" title=\"Only numbers and phone characters (#, -, *, etc) are accepted.\">\n\n\t\t\t\t\t\t<\/div>\n\t\t\t\t\t\t\t\t<div class=\"elementor-field-type-email elementor-field-group elementor-column elementor-field-group-field_a945040 elementor-col-50 elementor-field-required\">\n\t\t\t\t\t\t\t\t\t\t\t\t<label for=\"form-field-field_a945040\" class=\"elementor-field-label\">\n\t\t\t\t\t\t\t\tEmail\t\t\t\t\t\t\t<\/label>\n\t\t\t\t\t\t\t\t\t\t\t\t\t\t<input size=\"1\" type=\"email\" name=\"form_fields[field_a945040]\" id=\"form-field-field_a945040\" class=\"elementor-field elementor-size-sm  elementor-field-textual\" placeholder=\"Email\" required=\"required\" aria-required=\"true\">\n\t\t\t\t\t\t\t\t\t\t\t<\/div>\n\t\t\t\t\t\t\t\t<div class=\"elementor-field-type-textarea elementor-field-group elementor-column elementor-field-group-message elementor-col-100\">\n\t\t\t\t\t\t\t\t\t\t\t\t<label for=\"form-field-message\" class=\"elementor-field-label\">\n\t\t\t\t\t\t\t\tMensagem\t\t\t\t\t\t\t<\/label>\n\t\t\t\t\t\t<textarea class=\"elementor-field-textual elementor-field  elementor-size-sm\" name=\"form_fields[message]\" id=\"form-field-message\" rows=\"4\" placeholder=\"Message\"><\/textarea>\t\t\t\t<\/div>\n\t\t\t\t\t\t\t\t<div class=\"elementor-field-group elementor-column elementor-field-type-submit elementor-col-100 e-form__buttons\">\n\t\t\t\t\t<button type=\"submit\" class=\"elementor-button elementor-size-sm\">\n\t\t\t\t\t\t<span >\n\t\t\t\t\t\t\t\t\t\t\t\t\t\t\t<span class=\" elementor-button-icon\">\n\t\t\t\t\t\t\t\t\t\t\t\t\t\t\t\t\t\t\t\t\t\t\t\t\t\t<\/span>\n\t\t\t\t\t\t\t\t\t\t\t\t\t\t\t\t\t\t\t\t\t\t<span class=\"elementor-button-text\">Enviar<\/span>\n\t\t\t\t\t\t\t\t\t\t\t\t\t<\/span>\n\t\t\t\t\t<\/button>\n\t\t\t\t<\/div>\n\t\t\t<\/div>\n\t\t<\/form>\n\t\t\t\t\t\t<\/div>\n\t\t\t\t<\/div>\n\t\t\t\t<\/div>\n\t\t\t\t\t<\/div>\n\t\t\t\t<\/div>\n\t\t<div class=\"elementor-element elementor-element-9aaac41 e-con-full e-flex elementor-invisible e-con e-parent\" data-id=\"9aaac41\" data-element_type=\"container\" data-settings=\"{&quot;animation&quot;:&quot;fadeIn&quot;,&quot;animation_delay&quot;:300}\">\n\t\t\t\t<div class=\"elementor-element elementor-element-810413b elementor-widget elementor-widget-google_maps\" data-id=\"810413b\" data-element_type=\"widget\" data-widget_type=\"google_maps.default\">\n\t\t\t\t<div class=\"elementor-widget-container\">\n\t\t\t\t\t\t\t<div class=\"elementor-custom-embed\">\n\t\t\t<iframe loading=\"lazy\"\n\t\t\t\t\tsrc=\"https:\/\/maps.google.com\/maps?q=rua%20elias%20ferreira%20690&#038;t=m&#038;z=16&#038;output=embed&#038;iwloc=near\"\n\t\t\t\t\ttitle=\"rua elias ferreira 690\"\n\t\t\t\t\taria-label=\"rua elias ferreira 690\"\n\t\t\t><\/iframe>\n\t\t<\/div>\n\t\t\t\t\t\t<\/div>\n\t\t\t\t<\/div>\n\t\t\t\t<\/div>\n\t\t\t\t<\/div>\n\t\t","protected":false},"excerpt":{"rendered":"<p>Entrar em contato Comunica\u00e7\u00e3o perfeita, impacto global \u00a0&#8220;Se sua empresa n\u00e3o est\u00e1 na internet, ent\u00e3o ela estar\u00e1 fora dos neg\u00f3cios.&#8221; &#8211; Bill Gates Contato Nos siga nas redes sociais Facebook-f Instagram Telegram Twitter Nos envie uma mensagem Utilize nosso formul\u00e1rio de contato abaixo para iniciar a conversa. Estamos ansiosos para entender suas necessidades e trabalhar [&hellip;]<\/p>\n","protected":false},"author":1,"featured_media":0,"parent":0,"menu_order":0,"comment_status":"closed","ping_status":"closed","template":"elementor_header_footer","meta":{"_joinchat":[],"footnotes":""},"class_list":["post-21","page","type-page","status-publish","hentry"],"yoast_head":"<!-- This site is optimized with the Yoast SEO plugin v22.9 - https:\/\/yoast.com\/wordpress\/plugins\/seo\/ -->\n<title>Contato - IonanWeb Solutions - Cria\u00e7\u00e3o de Sites Profissionais para Transformar sua Presen\u00e7a Online<\/title>\n<meta name=\"robots\" content=\"index, follow, max-snippet:-1, max-image-preview:large, max-video-preview:-1\" \/>\n<link rel=\"canonical\" href=\"https:\/\/ionanwebsolutions.com\/index.php\/contato\/\" \/>\n<meta property=\"og:locale\" content=\"en_US\" \/>\n<meta property=\"og:type\" content=\"article\" \/>\n<meta property=\"og:title\" content=\"Contato - IonanWeb Solutions - Cria\u00e7\u00e3o de Sites Profissionais para Transformar sua Presen\u00e7a Online\" \/>\n<meta property=\"og:description\" content=\"Entrar em contato Comunica\u00e7\u00e3o perfeita, impacto global \u00a0&#8220;Se sua empresa n\u00e3o est\u00e1 na internet, ent\u00e3o ela estar\u00e1 fora dos neg\u00f3cios.&#8221; &#8211; Bill Gates Contato Nos siga nas redes sociais Facebook-f Instagram Telegram Twitter Nos envie uma mensagem Utilize nosso formul\u00e1rio de contato abaixo para iniciar a conversa. Estamos ansiosos para entender suas necessidades e trabalhar [&hellip;]\" \/>\n<meta property=\"og:url\" content=\"https:\/\/ionanwebsolutions.com\/index.php\/contato\/\" \/>\n<meta property=\"og:site_name\" content=\"IonanWeb Solutions - Cria\u00e7\u00e3o de Sites Profissionais para Transformar sua Presen\u00e7a Online\" \/>\n<meta property=\"article:publisher\" content=\"https:\/\/www.facebook.com\/profile.php?id=61556526602794&amp;locale=pt_BR\" \/>\n<meta property=\"article:modified_time\" content=\"2024-06-19T20:19:22+00:00\" \/>\n<meta name=\"twitter:card\" content=\"summary_large_image\" \/>\n<meta name=\"twitter:site\" content=\"@agenciaiws\" \/>\n<meta name=\"twitter:label1\" content=\"Est. reading time\" \/>\n\t<meta name=\"twitter:data1\" content=\"1 minute\" \/>\n<script type=\"application\/ld+json\" class=\"yoast-schema-graph\">{\"@context\":\"https:\/\/schema.org\",\"@graph\":[{\"@type\":\"WebPage\",\"@id\":\"https:\/\/ionanwebsolutions.com\/index.php\/contato\/\",\"url\":\"https:\/\/ionanwebsolutions.com\/index.php\/contato\/\",\"name\":\"Contato - IonanWeb Solutions - Cria\u00e7\u00e3o de Sites Profissionais para Transformar sua Presen\u00e7a Online\",\"isPartOf\":{\"@id\":\"https:\/\/ionanwebsolutions.com\/#website\"},\"datePublished\":\"2024-01-22T12:43:46+00:00\",\"dateModified\":\"2024-06-19T20:19:22+00:00\",\"breadcrumb\":{\"@id\":\"https:\/\/ionanwebsolutions.com\/index.php\/contato\/#breadcrumb\"},\"inLanguage\":\"en-US\",\"potentialAction\":[{\"@type\":\"ReadAction\",\"target\":[\"https:\/\/ionanwebsolutions.com\/index.php\/contato\/\"]}]},{\"@type\":\"BreadcrumbList\",\"@id\":\"https:\/\/ionanwebsolutions.com\/index.php\/contato\/#breadcrumb\",\"itemListElement\":[{\"@type\":\"ListItem\",\"position\":1,\"name\":\"Home\",\"item\":\"https:\/\/ionanwebsolutions.com\/\"},{\"@type\":\"ListItem\",\"position\":2,\"name\":\"Contato\"}]},{\"@type\":\"WebSite\",\"@id\":\"https:\/\/ionanwebsolutions.com\/#website\",\"url\":\"https:\/\/ionanwebsolutions.com\/\",\"name\":\"IonanWeb Solutions - Cria\u00e7\u00e3o de Sites Profissionais para Transformar sua Presen\u00e7a Online\",\"description\":\"Descubra a excel\u00eancia em cria\u00e7\u00e3o de sites com a IonanWeb Solutions. Transformamos sua vis\u00e3o em presen\u00e7a online \u00fanica e impactante. Servi\u00e7os personalizados para atender \u00e0s necessidades de cada cliente.\",\"publisher\":{\"@id\":\"https:\/\/ionanwebsolutions.com\/#organization\"},\"potentialAction\":[{\"@type\":\"SearchAction\",\"target\":{\"@type\":\"EntryPoint\",\"urlTemplate\":\"https:\/\/ionanwebsolutions.com\/?s={search_term_string}\"},\"query-input\":\"required name=search_term_string\"}],\"inLanguage\":\"en-US\"},{\"@type\":\"Organization\",\"@id\":\"https:\/\/ionanwebsolutions.com\/#organization\",\"name\":\"IonanWeb Solutions - Cria\u00e7\u00e3o de Sites Profissionais para Transformar sua Presen\u00e7a Online\",\"url\":\"https:\/\/ionanwebsolutions.com\/\",\"logo\":{\"@type\":\"ImageObject\",\"inLanguage\":\"en-US\",\"@id\":\"https:\/\/ionanwebsolutions.com\/#\/schema\/logo\/image\/\",\"url\":\"https:\/\/ionanwebsolutions.com\/wp-content\/uploads\/2024\/01\/cropped-Blue-Modern-Electricity-Technology-Initial-Logo-2.png\",\"contentUrl\":\"https:\/\/ionanwebsolutions.com\/wp-content\/uploads\/2024\/01\/cropped-Blue-Modern-Electricity-Technology-Initial-Logo-2.png\",\"width\":448,\"height\":143,\"caption\":\"IonanWeb Solutions - Cria\u00e7\u00e3o de Sites Profissionais para Transformar sua Presen\u00e7a Online\"},\"image\":{\"@id\":\"https:\/\/ionanwebsolutions.com\/#\/schema\/logo\/image\/\"},\"sameAs\":[\"https:\/\/www.facebook.com\/profile.php?id=61556526602794&locale=pt_BR\",\"https:\/\/x.com\/agenciaiws\",\"https:\/\/www.instagram.com\/agenciaiws\/\"]}]}<\/script>\n<!-- \/ Yoast SEO plugin. -->","yoast_head_json":{"title":"Contato - IonanWeb Solutions - Cria\u00e7\u00e3o de Sites Profissionais para Transformar sua Presen\u00e7a Online","robots":{"index":"index","follow":"follow","max-snippet":"max-snippet:-1","max-image-preview":"max-image-preview:large","max-video-preview":"max-video-preview:-1"},"canonical":"https:\/\/ionanwebsolutions.com\/index.php\/contato\/","og_locale":"en_US","og_type":"article","og_title":"Contato - IonanWeb Solutions - Cria\u00e7\u00e3o de Sites Profissionais para Transformar sua Presen\u00e7a Online","og_description":"Entrar em contato Comunica\u00e7\u00e3o perfeita, impacto global \u00a0&#8220;Se sua empresa n\u00e3o est\u00e1 na internet, ent\u00e3o ela estar\u00e1 fora dos neg\u00f3cios.&#8221; &#8211; Bill Gates Contato Nos siga nas redes sociais Facebook-f Instagram Telegram Twitter Nos envie uma mensagem Utilize nosso formul\u00e1rio de contato abaixo para iniciar a conversa. Estamos ansiosos para entender suas necessidades e trabalhar [&hellip;]","og_url":"https:\/\/ionanwebsolutions.com\/index.php\/contato\/","og_site_name":"IonanWeb Solutions - Cria\u00e7\u00e3o de Sites Profissionais para Transformar sua Presen\u00e7a Online","article_publisher":"https:\/\/www.facebook.com\/profile.php?id=61556526602794&locale=pt_BR","article_modified_time":"2024-06-19T20:19:22+00:00","twitter_card":"summary_large_image","twitter_site":"@agenciaiws","twitter_misc":{"Est. reading time":"1 minute"},"schema":{"@context":"https:\/\/schema.org","@graph":[{"@type":"WebPage","@id":"https:\/\/ionanwebsolutions.com\/index.php\/contato\/","url":"https:\/\/ionanwebsolutions.com\/index.php\/contato\/","name":"Contato - IonanWeb Solutions - Cria\u00e7\u00e3o de Sites Profissionais para Transformar sua Presen\u00e7a Online","isPartOf":{"@id":"https:\/\/ionanwebsolutions.com\/#website"},"datePublished":"2024-01-22T12:43:46+00:00","dateModified":"2024-06-19T20:19:22+00:00","breadcrumb":{"@id":"https:\/\/ionanwebsolutions.com\/index.php\/contato\/#breadcrumb"},"inLanguage":"en-US","potentialAction":[{"@type":"ReadAction","target":["https:\/\/ionanwebsolutions.com\/index.php\/contato\/"]}]},{"@type":"BreadcrumbList","@id":"https:\/\/ionanwebsolutions.com\/index.php\/contato\/#breadcrumb","itemListElement":[{"@type":"ListItem","position":1,"name":"Home","item":"https:\/\/ionanwebsolutions.com\/"},{"@type":"ListItem","position":2,"name":"Contato"}]},{"@type":"WebSite","@id":"https:\/\/ionanwebsolutions.com\/#website","url":"https:\/\/ionanwebsolutions.com\/","name":"IonanWeb Solutions - Cria\u00e7\u00e3o de Sites Profissionais para Transformar sua Presen\u00e7a Online","description":"Descubra a excel\u00eancia em cria\u00e7\u00e3o de sites com a IonanWeb Solutions. Transformamos sua vis\u00e3o em presen\u00e7a online \u00fanica e impactante. Servi\u00e7os personalizados para atender \u00e0s necessidades de cada cliente.","publisher":{"@id":"https:\/\/ionanwebsolutions.com\/#organization"},"potentialAction":[{"@type":"SearchAction","target":{"@type":"EntryPoint","urlTemplate":"https:\/\/ionanwebsolutions.com\/?s={search_term_string}"},"query-input":"required name=search_term_string"}],"inLanguage":"en-US"},{"@type":"Organization","@id":"https:\/\/ionanwebsolutions.com\/#organization","name":"IonanWeb Solutions - Cria\u00e7\u00e3o de Sites Profissionais para Transformar sua Presen\u00e7a Online","url":"https:\/\/ionanwebsolutions.com\/","logo":{"@type":"ImageObject","inLanguage":"en-US","@id":"https:\/\/ionanwebsolutions.com\/#\/schema\/logo\/image\/","url":"https:\/\/ionanwebsolutions.com\/wp-content\/uploads\/2024\/01\/cropped-Blue-Modern-Electricity-Technology-Initial-Logo-2.png","contentUrl":"https:\/\/ionanwebsolutions.com\/wp-content\/uploads\/2024\/01\/cropped-Blue-Modern-Electricity-Technology-Initial-Logo-2.png","width":448,"height":143,"caption":"IonanWeb Solutions - Cria\u00e7\u00e3o de Sites Profissionais para Transformar sua Presen\u00e7a Online"},"image":{"@id":"https:\/\/ionanwebsolutions.com\/#\/schema\/logo\/image\/"},"sameAs":["https:\/\/www.facebook.com\/profile.php?id=61556526602794&locale=pt_BR","https:\/\/x.com\/agenciaiws","https:\/\/www.instagram.com\/agenciaiws\/"]}]}},"_links":{"self":[{"href":"https:\/\/ionanwebsolutions.com\/index.php\/wp-json\/wp\/v2\/pages\/21","targetHints":{"allow":["GET"]}}],"collection":[{"href":"https:\/\/ionanwebsolutions.com\/index.php\/wp-json\/wp\/v2\/pages"}],"about":[{"href":"https:\/\/ionanwebsolutions.com\/index.php\/wp-json\/wp\/v2\/types\/page"}],"author":[{"embeddable":true,"href":"https:\/\/ionanwebsolutions.com\/index.php\/wp-json\/wp\/v2\/users\/1"}],"replies":[{"embeddable":true,"href":"https:\/\/ionanwebsolutions.com\/index.php\/wp-json\/wp\/v2\/comments?post=21"}],"version-history":[{"count":37,"href":"https:\/\/ionanwebsolutions.com\/index.php\/wp-json\/wp\/v2\/pages\/21\/revisions"}],"predecessor-version":[{"id":588,"href":"https:\/\/ionanwebsolutions.com\/index.php\/wp-json\/wp\/v2\/pages\/21\/revisions\/588"}],"wp:attachment":[{"href":"https:\/\/ionanwebsolutions.com\/index.php\/wp-json\/wp\/v2\/media?parent=21"}],"curies":[{"name":"wp","href":"https:\/\/api.w.org\/{rel}","templated":true}]}}