{"id":630,"date":"2026-04-22T14:39:26","date_gmt":"2026-04-22T17:39:26","guid":{"rendered":"https:\/\/ionanwebsolutions.com\/?page_id=630"},"modified":"2026-04-22T19:14:53","modified_gmt":"2026-04-22T22:14:53","slug":"orcamento","status":"publish","type":"page","link":"https:\/\/ionanwebsolutions.com\/index.php\/orcamento\/","title":{"rendered":"Or\u00e7amento"},"content":{"rendered":"\t\t<div data-elementor-type=\"wp-page\" data-elementor-id=\"630\" class=\"elementor elementor-630\" data-elementor-post-type=\"page\">\n\t\t\t\t<div class=\"elementor-element elementor-element-68ab82e7 e-flex e-con-boxed e-con e-parent\" data-id=\"68ab82e7\" data-element_type=\"container\" data-e-type=\"container\">\n\t\t\t\t\t<div class=\"e-con-inner\">\n\t\t\t\t<div class=\"elementor-element elementor-element-2757bc3b elementor-widget elementor-widget-text-editor\" data-id=\"2757bc3b\" data-element_type=\"widget\" data-e-type=\"widget\" data-widget_type=\"text-editor.default\">\n\t\t\t\t<div class=\"elementor-widget-container\">\n\t\t\t\t\t\t\t\t\t\n<p>orcamento<\/p>\n\t\t\t\t\t\t\t\t<\/div>\n\t\t\t\t<\/div>\n\t\t\t\t\t<\/div>\n\t\t\t\t<\/div>\n\t\t<div class=\"elementor-element elementor-element-885f72a e-flex e-con-boxed e-con e-parent\" data-id=\"885f72a\" data-element_type=\"container\" data-e-type=\"container\">\n\t\t\t\t\t<div class=\"e-con-inner\">\n\t\t\t\t\t<\/div>\n\t\t\t\t<\/div>\n\t\t\t\t<\/div>\n\t\t","protected":false},"excerpt":{"rendered":"<p>orcamento<\/p>\n","protected":false},"author":1,"featured_media":0,"parent":0,"menu_order":0,"comment_status":"closed","ping_status":"closed","template":"elementor_header_footer","meta":{"_joinchat":[],"footnotes":""},"class_list":["post-630","page","type-page","status-publish","hentry"],"yoast_head":"<!-- This site is optimized with the Yoast SEO plugin v22.9 - https:\/\/yoast.com\/wordpress\/plugins\/seo\/ -->\n<title>Or\u00e7amento - IonanWeb Solutions - Cria\u00e7\u00e3o de Sites Profissionais para Transformar sua Presen\u00e7a Online<\/title>\n<meta name=\"robots\" content=\"index, follow, max-snippet:-1, max-image-preview:large, max-video-preview:-1\" \/>\n<link rel=\"canonical\" href=\"https:\/\/ionanwebsolutions.com\/index.php\/orcamento\/\" \/>\n<meta property=\"og:locale\" content=\"en_US\" \/>\n<meta property=\"og:type\" content=\"article\" \/>\n<meta property=\"og:title\" content=\"Or\u00e7amento - IonanWeb Solutions - Cria\u00e7\u00e3o de Sites Profissionais para Transformar sua Presen\u00e7a Online\" \/>\n<meta property=\"og:description\" content=\"orcamento\" \/>\n<meta property=\"og:url\" content=\"https:\/\/ionanwebsolutions.com\/index.php\/orcamento\/\" \/>\n<meta property=\"og:site_name\" content=\"IonanWeb Solutions - Cria\u00e7\u00e3o de Sites Profissionais para Transformar sua Presen\u00e7a Online\" \/>\n<meta property=\"article:publisher\" content=\"https:\/\/www.facebook.com\/profile.php?id=61556526602794&amp;locale=pt_BR\" \/>\n<meta property=\"article:modified_time\" content=\"2026-04-22T22:14:53+00:00\" \/>\n<meta name=\"twitter:card\" content=\"summary_large_image\" \/>\n<meta name=\"twitter:site\" content=\"@agenciaiws\" \/>\n<meta name=\"twitter:label1\" content=\"Est. reading time\" \/>\n\t<meta name=\"twitter:data1\" content=\"1 minute\" \/>\n<script type=\"application\/ld+json\" class=\"yoast-schema-graph\">{\"@context\":\"https:\/\/schema.org\",\"@graph\":[{\"@type\":\"WebPage\",\"@id\":\"https:\/\/ionanwebsolutions.com\/index.php\/orcamento\/\",\"url\":\"https:\/\/ionanwebsolutions.com\/index.php\/orcamento\/\",\"name\":\"Or\u00e7amento - IonanWeb Solutions - Cria\u00e7\u00e3o de Sites Profissionais para Transformar sua Presen\u00e7a Online\",\"isPartOf\":{\"@id\":\"https:\/\/ionanwebsolutions.com\/#website\"},\"datePublished\":\"2026-04-22T17:39:26+00:00\",\"dateModified\":\"2026-04-22T22:14:53+00:00\",\"breadcrumb\":{\"@id\":\"https:\/\/ionanwebsolutions.com\/index.php\/orcamento\/#breadcrumb\"},\"inLanguage\":\"en-US\",\"potentialAction\":[{\"@type\":\"ReadAction\",\"target\":[\"https:\/\/ionanwebsolutions.com\/index.php\/orcamento\/\"]}]},{\"@type\":\"BreadcrumbList\",\"@id\":\"https:\/\/ionanwebsolutions.com\/index.php\/orcamento\/#breadcrumb\",\"itemListElement\":[{\"@type\":\"ListItem\",\"position\":1,\"name\":\"Home\",\"item\":\"https:\/\/ionanwebsolutions.com\/\"},{\"@type\":\"ListItem\",\"position\":2,\"name\":\"Or\u00e7amento\"}]},{\"@type\":\"WebSite\",\"@id\":\"https:\/\/ionanwebsolutions.com\/#website\",\"url\":\"https:\/\/ionanwebsolutions.com\/\",\"name\":\"IonanWeb Solutions - Cria\u00e7\u00e3o de Sites Profissionais para Transformar sua Presen\u00e7a Online\",\"description\":\"Descubra a excel\u00eancia em cria\u00e7\u00e3o de sites com a IonanWeb Solutions. Transformamos sua vis\u00e3o em presen\u00e7a online \u00fanica e impactante. Servi\u00e7os personalizados para atender \u00e0s necessidades de cada cliente.\",\"publisher\":{\"@id\":\"https:\/\/ionanwebsolutions.com\/#organization\"},\"potentialAction\":[{\"@type\":\"SearchAction\",\"target\":{\"@type\":\"EntryPoint\",\"urlTemplate\":\"https:\/\/ionanwebsolutions.com\/?s={search_term_string}\"},\"query-input\":\"required name=search_term_string\"}],\"inLanguage\":\"en-US\"},{\"@type\":\"Organization\",\"@id\":\"https:\/\/ionanwebsolutions.com\/#organization\",\"name\":\"IonanWeb Solutions - Cria\u00e7\u00e3o de Sites Profissionais para Transformar sua Presen\u00e7a Online\",\"url\":\"https:\/\/ionanwebsolutions.com\/\",\"logo\":{\"@type\":\"ImageObject\",\"inLanguage\":\"en-US\",\"@id\":\"https:\/\/ionanwebsolutions.com\/#\/schema\/logo\/image\/\",\"url\":\"https:\/\/ionanwebsolutions.com\/wp-content\/uploads\/2024\/01\/cropped-Blue-Modern-Electricity-Technology-Initial-Logo-2.png\",\"contentUrl\":\"https:\/\/ionanwebsolutions.com\/wp-content\/uploads\/2024\/01\/cropped-Blue-Modern-Electricity-Technology-Initial-Logo-2.png\",\"width\":448,\"height\":143,\"caption\":\"IonanWeb Solutions - Cria\u00e7\u00e3o de Sites Profissionais para Transformar sua Presen\u00e7a Online\"},\"image\":{\"@id\":\"https:\/\/ionanwebsolutions.com\/#\/schema\/logo\/image\/\"},\"sameAs\":[\"https:\/\/www.facebook.com\/profile.php?id=61556526602794&locale=pt_BR\",\"https:\/\/x.com\/agenciaiws\",\"https:\/\/www.instagram.com\/agenciaiws\/\"]}]}<\/script>\n<!-- \/ Yoast SEO plugin. -->","yoast_head_json":{"title":"Or\u00e7amento - IonanWeb Solutions - Cria\u00e7\u00e3o de Sites Profissionais para Transformar sua Presen\u00e7a Online","robots":{"index":"index","follow":"follow","max-snippet":"max-snippet:-1","max-image-preview":"max-image-preview:large","max-video-preview":"max-video-preview:-1"},"canonical":"https:\/\/ionanwebsolutions.com\/index.php\/orcamento\/","og_locale":"en_US","og_type":"article","og_title":"Or\u00e7amento - IonanWeb Solutions - Cria\u00e7\u00e3o de Sites Profissionais para Transformar sua Presen\u00e7a Online","og_description":"orcamento","og_url":"https:\/\/ionanwebsolutions.com\/index.php\/orcamento\/","og_site_name":"IonanWeb Solutions - Cria\u00e7\u00e3o de Sites Profissionais para Transformar sua Presen\u00e7a Online","article_publisher":"https:\/\/www.facebook.com\/profile.php?id=61556526602794&locale=pt_BR","article_modified_time":"2026-04-22T22:14:53+00:00","twitter_card":"summary_large_image","twitter_site":"@agenciaiws","twitter_misc":{"Est. reading time":"1 minute"},"schema":{"@context":"https:\/\/schema.org","@graph":[{"@type":"WebPage","@id":"https:\/\/ionanwebsolutions.com\/index.php\/orcamento\/","url":"https:\/\/ionanwebsolutions.com\/index.php\/orcamento\/","name":"Or\u00e7amento - IonanWeb Solutions - Cria\u00e7\u00e3o de Sites Profissionais para Transformar sua Presen\u00e7a Online","isPartOf":{"@id":"https:\/\/ionanwebsolutions.com\/#website"},"datePublished":"2026-04-22T17:39:26+00:00","dateModified":"2026-04-22T22:14:53+00:00","breadcrumb":{"@id":"https:\/\/ionanwebsolutions.com\/index.php\/orcamento\/#breadcrumb"},"inLanguage":"en-US","potentialAction":[{"@type":"ReadAction","target":["https:\/\/ionanwebsolutions.com\/index.php\/orcamento\/"]}]},{"@type":"BreadcrumbList","@id":"https:\/\/ionanwebsolutions.com\/index.php\/orcamento\/#breadcrumb","itemListElement":[{"@type":"ListItem","position":1,"name":"Home","item":"https:\/\/ionanwebsolutions.com\/"},{"@type":"ListItem","position":2,"name":"Or\u00e7amento"}]},{"@type":"WebSite","@id":"https:\/\/ionanwebsolutions.com\/#website","url":"https:\/\/ionanwebsolutions.com\/","name":"IonanWeb Solutions - Cria\u00e7\u00e3o de Sites Profissionais para Transformar sua Presen\u00e7a Online","description":"Descubra a excel\u00eancia em cria\u00e7\u00e3o de sites com a IonanWeb Solutions. Transformamos sua vis\u00e3o em presen\u00e7a online \u00fanica e impactante. Servi\u00e7os personalizados para atender \u00e0s necessidades de cada cliente.","publisher":{"@id":"https:\/\/ionanwebsolutions.com\/#organization"},"potentialAction":[{"@type":"SearchAction","target":{"@type":"EntryPoint","urlTemplate":"https:\/\/ionanwebsolutions.com\/?s={search_term_string}"},"query-input":"required name=search_term_string"}],"inLanguage":"en-US"},{"@type":"Organization","@id":"https:\/\/ionanwebsolutions.com\/#organization","name":"IonanWeb Solutions - Cria\u00e7\u00e3o de Sites Profissionais para Transformar sua Presen\u00e7a Online","url":"https:\/\/ionanwebsolutions.com\/","logo":{"@type":"ImageObject","inLanguage":"en-US","@id":"https:\/\/ionanwebsolutions.com\/#\/schema\/logo\/image\/","url":"https:\/\/ionanwebsolutions.com\/wp-content\/uploads\/2024\/01\/cropped-Blue-Modern-Electricity-Technology-Initial-Logo-2.png","contentUrl":"https:\/\/ionanwebsolutions.com\/wp-content\/uploads\/2024\/01\/cropped-Blue-Modern-Electricity-Technology-Initial-Logo-2.png","width":448,"height":143,"caption":"IonanWeb Solutions - Cria\u00e7\u00e3o de Sites Profissionais para Transformar sua Presen\u00e7a Online"},"image":{"@id":"https:\/\/ionanwebsolutions.com\/#\/schema\/logo\/image\/"},"sameAs":["https:\/\/www.facebook.com\/profile.php?id=61556526602794&locale=pt_BR","https:\/\/x.com\/agenciaiws","https:\/\/www.instagram.com\/agenciaiws\/"]}]}},"_links":{"self":[{"href":"https:\/\/ionanwebsolutions.com\/index.php\/wp-json\/wp\/v2\/pages\/630","targetHints":{"allow":["GET"]}}],"collection":[{"href":"https:\/\/ionanwebsolutions.com\/index.php\/wp-json\/wp\/v2\/pages"}],"about":[{"href":"https:\/\/ionanwebsolutions.com\/index.php\/wp-json\/wp\/v2\/types\/page"}],"author":[{"embeddable":true,"href":"https:\/\/ionanwebsolutions.com\/index.php\/wp-json\/wp\/v2\/users\/1"}],"replies":[{"embeddable":true,"href":"https:\/\/ionanwebsolutions.com\/index.php\/wp-json\/wp\/v2\/comments?post=630"}],"version-history":[{"count":7,"href":"https:\/\/ionanwebsolutions.com\/index.php\/wp-json\/wp\/v2\/pages\/630\/revisions"}],"predecessor-version":[{"id":639,"href":"https:\/\/ionanwebsolutions.com\/index.php\/wp-json\/wp\/v2\/pages\/630\/revisions\/639"}],"wp:attachment":[{"href":"https:\/\/ionanwebsolutions.com\/index.php\/wp-json\/wp\/v2\/media?parent=630"}],"curies":[{"name":"wp","href":"https:\/\/api.w.org\/{rel}","templated":true}]}}